{"id":759,"date":"2017-02-08T16:33:58","date_gmt":"2017-02-08T16:33:58","guid":{"rendered":"http:\/\/dummy.xtemos.com\/basel\/vers\/?page_id=759"},"modified":"2021-07-19T23:20:58","modified_gmt":"2021-07-20T04:20:58","slug":"home-construction","status":"publish","type":"page","link":"http:\/\/www.cartorama.com.ec\/de\/","title":{"rendered":"Inicio"},"content":{"rendered":"<div class=\"wpb-content-wrapper\"><p>[vc_row css=\u00bb.vc_custom_1486131766451{margin-top: -55px !important;margin-bottom: 30px !important;}\u00bb][vc_column][vc_row_inner css=\u00bb.vc_custom_1467742830717{margin-bottom: 0px !important;}\u00bb][vc_column_inner css=\u00bb.vc_custom_1484912191147{margin-bottom: 15px !important;}\u00bb offset=\u00bbvc_hidden-lg vc_hidden-md\u00bb][\/vc_column_inner][\/vc_row_inner]\n\t\t\t<!-- START Home REVOLUTION SLIDER 6.7.18 --><p class=\"rs-p-wp-fix\"><\/p>\n\t\t\t<rs-module-wrap id=\"rev_slider_59_1_wrapper\" data-source=\"gallery\" style=\"visibility:hidden;background:#0a0a0a;padding:0;margin:0px auto;margin-top:0;margin-bottom:0;\">\n\t\t\t\t<rs-module id=\"rev_slider_59_1\" style=\"\" data-version=\"6.7.18\">\n\t\t\t\t\t<rs-slides style=\"overflow: hidden; position: absolute;\">\n\t\t\t\t\t\t<rs-slide style=\"position: absolute;\" data-key=\"rs-120\" data-title=\"Slide\" data-thumb=\"\/\/www.cartorama.com.ec\/de\/wp-content\/uploads\/2021\/07\/CARTONES-100x50.png\" data-anim=\"adpr:false;\" data-in=\"o:0;\" data-out=\"a:false;\">\n\t\t\t\t\t\t\t<img decoding=\"async\" src=\"\/\/www.cartorama.com.ec\/de\/wp-content\/plugins\/revslider\/sr6\/assets\/assets\/dummy.png\" alt=\"\" title=\"CARTONES\" width=\"1900\" height=\"1000\" class=\"rev-slidebg tp-rs-img rs-lazyload\" data-lazyload=\"\/\/www.cartorama.com.ec\/de\/wp-content\/uploads\/2021\/07\/CARTONES.png\" data-bg=\"p:center top;f:contain;\" data-parallax=\"off\" data-no-retina>\n<!--\n\t\t\t\t\t\t\t--><rs-layer\n\t\t\t\t\t\t\t\tid=\"slider-59-slide-120-layer-7\" \n\t\t\t\t\t\t\t\tclass=\"tp-shape tp-shapewrapper\"\n\t\t\t\t\t\t\t\tdata-type=\"shape\"\n\t\t\t\t\t\t\t\tdata-rsp_ch=\"on\"\n\t\t\t\t\t\t\t\tdata-xy=\"x:-1246px;y:-107px;\"\n\t\t\t\t\t\t\t\tdata-text=\"fw:100;\"\n\t\t\t\t\t\t\t\tdata-dim=\"w:2000px;h:2000px;\"\n\t\t\t\t\t\t\t\tdata-frame_0=\"y:bottom;o:1;rZ:43;\"\n\t\t\t\t\t\t\t\tdata-frame_1=\"rZ:43;e:power2.inOut;st:600;sp:700;\"\n\t\t\t\t\t\t\t\tdata-frame_999=\"o:0;e:nothing;st:w;\"\n\t\t\t\t\t\t\t\tstyle=\"z-index:6;background-color:rgba(0,70,6,0.09);\"\n\t\t\t\t\t\t\t> \n\t\t\t\t\t\t\t<\/rs-layer><!--\n\n\t\t\t\t\t\t\t--><rs-layer\n\t\t\t\t\t\t\t\tid=\"slider-59-slide-120-layer-8\" \n\t\t\t\t\t\t\t\tclass=\"tp-shape tp-shapewrapper\"\n\t\t\t\t\t\t\t\tdata-type=\"shape\"\n\t\t\t\t\t\t\t\tdata-rsp_ch=\"on\"\n\t\t\t\t\t\t\t\tdata-xy=\"x:-1102px;y:-975px;\"\n\t\t\t\t\t\t\t\tdata-text=\"fw:100;\"\n\t\t\t\t\t\t\t\tdata-dim=\"w:2000px;h:2000px;\"\n\t\t\t\t\t\t\t\tdata-frame_0=\"y:top;o:1;rZ:43;\"\n\t\t\t\t\t\t\t\tdata-frame_1=\"rZ:43;e:power2.inOut;st:400;sp:600;\"\n\t\t\t\t\t\t\t\tdata-frame_999=\"o:0;e:nothing;st:w;\"\n\t\t\t\t\t\t\t\tstyle=\"z-index:5;background-color:rgba(0,70,6,0.07);\"\n\t\t\t\t\t\t\t> \n\t\t\t\t\t\t\t<\/rs-layer><!--\n-->\t\t\t\t\t<\/rs-slide>\n\t\t\t\t\t\t<rs-slide style=\"position: absolute;\" data-key=\"rs-123\" data-title=\"Slide\" data-thumb=\"\/\/www.cartorama.com.ec\/de\/wp-content\/uploads\/2021\/07\/CARTORAMA-100x50.png\" data-anim=\"adpr:false;\" data-in=\"o:0;\" data-out=\"a:false;\">\n\t\t\t\t\t\t\t<img decoding=\"async\" src=\"\/\/www.cartorama.com.ec\/de\/wp-content\/plugins\/revslider\/sr6\/assets\/assets\/dummy.png\" alt=\"\" title=\"CARTORAMA\" width=\"1900\" height=\"1000\" class=\"rev-slidebg tp-rs-img rs-lazyload\" data-lazyload=\"\/\/www.cartorama.com.ec\/de\/wp-content\/uploads\/2021\/07\/CARTORAMA.png\" data-bg=\"p:center top;f:contain;\" data-parallax=\"off\" data-no-retina>\n<!--\n\t\t\t\t\t\t\t--><rs-layer\n\t\t\t\t\t\t\t\tid=\"slider-59-slide-123-layer-7\" \n\t\t\t\t\t\t\t\tclass=\"tp-shape tp-shapewrapper\"\n\t\t\t\t\t\t\t\tdata-type=\"shape\"\n\t\t\t\t\t\t\t\tdata-rsp_ch=\"on\"\n\t\t\t\t\t\t\t\tdata-xy=\"x:-1246px;y:-107px;\"\n\t\t\t\t\t\t\t\tdata-text=\"fw:100;\"\n\t\t\t\t\t\t\t\tdata-dim=\"w:2000px;h:2000px;\"\n\t\t\t\t\t\t\t\tdata-frame_0=\"y:bottom;o:1;rZ:43;\"\n\t\t\t\t\t\t\t\tdata-frame_1=\"rZ:43;e:power2.inOut;st:600;sp:700;\"\n\t\t\t\t\t\t\t\tdata-frame_999=\"o:0;e:nothing;st:w;\"\n\t\t\t\t\t\t\t\tstyle=\"z-index:6;background-color:rgba(0,70,6,0.09);\"\n\t\t\t\t\t\t\t> \n\t\t\t\t\t\t\t<\/rs-layer><!--\n\n\t\t\t\t\t\t\t--><rs-layer\n\t\t\t\t\t\t\t\tid=\"slider-59-slide-123-layer-8\" \n\t\t\t\t\t\t\t\tclass=\"tp-shape tp-shapewrapper\"\n\t\t\t\t\t\t\t\tdata-type=\"shape\"\n\t\t\t\t\t\t\t\tdata-rsp_ch=\"on\"\n\t\t\t\t\t\t\t\tdata-xy=\"x:-1102px;y:-975px;\"\n\t\t\t\t\t\t\t\tdata-text=\"fw:100;\"\n\t\t\t\t\t\t\t\tdata-dim=\"w:2000px;h:2000px;\"\n\t\t\t\t\t\t\t\tdata-frame_0=\"y:top;o:1;rZ:43;\"\n\t\t\t\t\t\t\t\tdata-frame_1=\"rZ:43;e:power2.inOut;st:400;sp:600;\"\n\t\t\t\t\t\t\t\tdata-frame_999=\"o:0;e:nothing;st:w;\"\n\t\t\t\t\t\t\t\tstyle=\"z-index:5;background-color:rgba(0,70,6,0.07);\"\n\t\t\t\t\t\t\t> \n\t\t\t\t\t\t\t<\/rs-layer><!--\n-->\t\t\t\t\t<\/rs-slide>\n\t\t\t\t\t\t<rs-slide style=\"position: absolute;\" data-key=\"rs-130\" data-title=\"Slide\" data-thumb=\"\/\/www.cartorama.com.ec\/de\/wp-content\/uploads\/2021\/07\/CAJAS-WRAPAROUND-100x50.png\" data-anim=\"adpr:false;\" data-in=\"o:0;\" data-out=\"a:false;\">\n\t\t\t\t\t\t\t<img decoding=\"async\" src=\"\/\/www.cartorama.com.ec\/de\/wp-content\/plugins\/revslider\/sr6\/assets\/assets\/dummy.png\" alt=\"\" title=\"CAJAS-WRAPAROUND\" width=\"1900\" height=\"1000\" class=\"rev-slidebg tp-rs-img rs-lazyload\" data-lazyload=\"\/\/www.cartorama.com.ec\/de\/wp-content\/uploads\/2021\/07\/CAJAS-WRAPAROUND.png\" data-bg=\"p:center top;f:contain;\" data-parallax=\"off\" data-no-retina>\n<!--\n\t\t\t\t\t\t\t--><rs-layer\n\t\t\t\t\t\t\t\tid=\"slider-59-slide-130-layer-7\" \n\t\t\t\t\t\t\t\tclass=\"tp-shape tp-shapewrapper\"\n\t\t\t\t\t\t\t\tdata-type=\"shape\"\n\t\t\t\t\t\t\t\tdata-rsp_ch=\"on\"\n\t\t\t\t\t\t\t\tdata-xy=\"x:-1246px;y:-107px;\"\n\t\t\t\t\t\t\t\tdata-text=\"fw:100;\"\n\t\t\t\t\t\t\t\tdata-dim=\"w:2000px;h:2000px;\"\n\t\t\t\t\t\t\t\tdata-frame_0=\"y:bottom;o:1;rZ:43;\"\n\t\t\t\t\t\t\t\tdata-frame_1=\"rZ:43;e:power2.inOut;st:600;sp:700;\"\n\t\t\t\t\t\t\t\tdata-frame_999=\"o:0;e:nothing;st:w;\"\n\t\t\t\t\t\t\t\tstyle=\"z-index:6;background-color:rgba(0,70,6,0.09);\"\n\t\t\t\t\t\t\t> \n\t\t\t\t\t\t\t<\/rs-layer><!--\n\n\t\t\t\t\t\t\t--><rs-layer\n\t\t\t\t\t\t\t\tid=\"slider-59-slide-130-layer-8\" \n\t\t\t\t\t\t\t\tclass=\"tp-shape tp-shapewrapper\"\n\t\t\t\t\t\t\t\tdata-type=\"shape\"\n\t\t\t\t\t\t\t\tdata-rsp_ch=\"on\"\n\t\t\t\t\t\t\t\tdata-xy=\"x:-1102px;y:-975px;\"\n\t\t\t\t\t\t\t\tdata-text=\"fw:100;\"\n\t\t\t\t\t\t\t\tdata-dim=\"w:2000px;h:2000px;\"\n\t\t\t\t\t\t\t\tdata-frame_0=\"y:top;o:1;rZ:43;\"\n\t\t\t\t\t\t\t\tdata-frame_1=\"rZ:43;e:power2.inOut;st:400;sp:600;\"\n\t\t\t\t\t\t\t\tdata-frame_999=\"o:0;e:nothing;st:w;\"\n\t\t\t\t\t\t\t\tstyle=\"z-index:5;background-color:rgba(0,70,6,0.07);\"\n\t\t\t\t\t\t\t> \n\t\t\t\t\t\t\t<\/rs-layer><!--\n-->\t\t\t\t\t<\/rs-slide>\n\t\t\t\t\t<\/rs-slides>\n\t\t\t\t<\/rs-module>\n\t\t\t\t<script>\n\t\t\t\t\tsetREVStartSize({c: 'rev_slider_59_1',rl:[1240,1024,768,480],el:[668],gw:[1240],gh:[668],type:'standard',justify:'',layout:'fullwidth',mh:\"0\"});if (window.RS_MODULES!==undefined && window.RS_MODULES.modules!==undefined && window.RS_MODULES.modules[\"revslider591\"]!==undefined) {window.RS_MODULES.modules[\"revslider591\"].once = false;window.revapi59 = undefined;if (window.RS_MODULES.checkMinimal!==undefined) window.RS_MODULES.checkMinimal()}\n\t\t\t\t<\/script>\n\t\t\t<\/rs-module-wrap>\n\t\t\t<!-- END REVOLUTION SLIDER -->\n[\/vc_column][\/vc_row][vc_section full_width=\u00bbstretch_row\u00bb css=\u00bb.vc_custom_1615152993011{margin-top: -30px !important;padding-top: 6vh !important;padding-bottom: 6vh !important;background-color: #f9f9f9 !important;}\u00bb][vc_row css=\u00bb.vc_custom_1486377937159{margin-bottom: 25px !important;padding-top: 30px !important;}\u00bb][vc_column][vc_column_text css=\u00bb.vc_custom_1626748533095{margin-bottom: 15px !important;}\u00bb]<\/p>\n<h4 style=\"font-size: 23px; text-align: center; color: #333333;\">\u00a1 Wir sind die L\u00f6sung <strong>f\u00fcr Ihre Verpackungsbed\u00fcrfnisse<\/strong><br \/>\nund tragen zur <strong>Entwicklung Ecuadors bei !<\/strong><\/h4>\n<p>[\/vc_column_text][vc_separator color=\u00bbcustom\u00bb border_width=\u00bb2&#8243; el_width=\u00bb10&#8243; css=\u00bb.vc_custom_1486290346863{margin-bottom: 20px !important;}\u00bb accent_color=\u00bb#f8c619&#8243;][\/vc_column][\/vc_row][vc_row gap=\u00bb10&#8243; equal_height=\u00bbyes\u00bb css=\u00bb.vc_custom_1615735153399{margin-bottom: 0px !important;}\u00bb][vc_column width=\u00bb1\/4&#8243;][vc_single_image image=\u00bb7462&#8243; img_size=\u00bb120&#215;100&#8243; alignment=\u00bbcenter\u00bb css_animation=\u00bbbounceInDown\u00bb][vc_column_text]<\/p>\n<h1 style=\"font-size: 18px; text-align: center; color: #5c8e07;\"><strong>100% p\u00fcnktliche<br \/>\nLieferungen<\/strong><\/h1>\n<p>[\/vc_column_text][\/vc_column][vc_column width=\u00bb1\/4&#8243;][vc_single_image image=\u00bb7463&#8243; img_size=\u00bb100&#215;100&#8243; alignment=\u00bbcenter\u00bb css_animation=\u00bbbounceInDown\u00bb][vc_column_text]<\/p>\n<h1 style=\"font-size: 18px; text-align: center; color: #5c8e07;\"><strong>Umweltfreundliche<br \/>\nVerpackung<\/strong><\/h1>\n<p>[\/vc_column_text][\/vc_column][vc_column width=\u00bb1\/4&#8243;][vc_single_image image=\u00bb7464&#8243; img_size=\u00bb100&#215;100&#8243; alignment=\u00bbcenter\u00bb css_animation=\u00bbbounceInDown\u00bb][vc_column_text]<\/p>\n<h1 style=\"font-size: 18px; text-align: center; color: #5c8e07;\"><strong>Operativ<br \/>\nExzellenz<\/strong><\/h1>\n<p>[\/vc_column_text][\/vc_column][vc_column width=\u00bb1\/4&#8243;][vc_single_image image=\u00bb7465&#8243; img_size=\u00bb100&#215;100&#8243; alignment=\u00bbcenter\u00bb css_animation=\u00bbbounceInDown\u00bb][vc_column_text]<\/p>\n<h1 style=\"font-size: 18px; text-align: center; color: #5c8e07;\"><strong>Qualit\u00e4t in<br \/>\nder Verpackung<\/strong><\/h1>\n<p>[\/vc_column_text][\/vc_column][vc_column][vc_empty_space height=\u00bb50px\u00bb][\/vc_column][\/vc_row][\/vc_section][vc_row full_width=\u00bbstretch_row_content\u00bb css=\u00bb.vc_custom_1616117129973{margin-bottom: 25px !important;padding-top: 30px !important;}\u00bb][vc_column][vc_single_image image=\u00bb7638&#8243; img_size=\u00bb1200&#215;365&#8243; alignment=\u00bbcenter\u00bb][\/vc_column][\/vc_row][vc_row css=\u00bb.vc_custom_1486377937159{margin-bottom: 25px !important;padding-top: 30px !important;}\u00bb][vc_column][vc_column_text css=\u00bb.vc_custom_1626748751242{margin-bottom: 15px !important;}\u00bb]<\/p>\n<h4 style=\"font-size: 23px; text-align: center; color: #333333;\">Unsere Kartonverpackungen bieten einen unterschiedlichen Wert und bevorzugen diese Strategien, <strong>die auf betrieblicher Effizienz, Nachhaltigkeit und Kommunikation basieren<\/strong><\/h4>\n<p>[\/vc_column_text][vc_separator color=\u00bbcustom\u00bb border_width=\u00bb2&#8243; el_width=\u00bb10&#8243; css=\u00bb.vc_custom_1486290346863{margin-bottom: 20px !important;}\u00bb accent_color=\u00bb#f8c619&#8243;][vc_empty_space][\/vc_column][\/vc_row][vc_row css=\u00bb.vc_custom_1486406569076{margin-bottom: 4vh !important;}\u00bb el_class=\u00bbbanners-no-opacity\u00bb][vc_column width=\u00bb1\/2&#8243; css=\u00bb.vc_custom_1438264244236{margin-bottom: 30px !important;}\u00bb offset=\u00bbvc_col-lg-4 vc_col-md-4&#8243;]\n\t\t\t<div class=\"promo-banner cursor-pointer text-center vertical-alignment-middle banner-2 hover-3 color-scheme-light \" onclick=\"window.location.href='http:\/\/www.cartorama.com.ec\/de\/uber-uns\/'\" >\n\n\t\t\t\t<div class=\"main-wrapp-img\">\n\t\t\t\t\t<div class=\"banner-image\">\n\t\t\t\t\t\t\t\t\t\t\t\t\t\t\t\t\t\t\t\t\t<img decoding=\"async\" class=\"promo-banner-image image-1 \" src=\"http:\/\/www.cartorama.com.ec\/de\/wp-content\/uploads\/2021\/04\/QUIENES-SOMOS-800x534.png\" width=\"800\" height=\"534\" alt=\"QUIENES SOMOS\" title=\"QUIENES SOMOS\" loading=\"lazy\" \/>\t\t\t\t\t\t\t\t\t\t\t\t\t\t\t\t\t\t<\/div>\n\t\t\t\t<\/div>\n\n\t\t\t\t<div class=\"wrapper-content-baner\">\n\t\t\t\t\t<div class=\"banner-inner\">\n\t\t\t\t\t\t\t\t\t\t\t<\/div>\n\t\t\t\t<\/div>\n\n\t\t\t<\/div>\n\n\n\t\t\t\t\t<div class=\" basel-info-box2 text-center icon-alignment-left box-style-base color-scheme-dark z-index-h position-relative with-animation vc_custom_1626748785914\" onclick=\"\">\n\t\t\t\t\t\t\t\t<div class=\"info-box-content\">\n\t\t\t\t\t<div class=\"info-box-inner\">\n\t\t\t\t\t\t<\/p>\n<h3>\u00dcber uns<\/h3>\n<p><span style=\"font-size: 18px;\">Wir sind ein Unternehmen, das sich der Herstellung von Verpackungen mit automatisierten Hochgeschwindigkeitslinien widmet.<\/span><\/p>\n\t\t\t\t\t<\/div>\n\t\t\t\t<\/div>\n\t\t\t<\/div>\n\t\t[\/vc_column][vc_column width=\u00bb1\/2&#8243; css=\u00bb.vc_custom_1438264230625{margin-bottom: 30px !important;}\u00bb offset=\u00bbvc_col-lg-4 vc_col-md-4&#8243;]\n\t\t\t<div class=\"promo-banner cursor-pointer text-center vertical-alignment-middle banner-2 hover-3 color-scheme-light \" onclick=\"window.location.href='http:\/\/www.cartorama.com.ec\/de\/produkte\/'\" >\n\n\t\t\t\t<div class=\"main-wrapp-img\">\n\t\t\t\t\t<div class=\"banner-image\">\n\t\t\t\t\t\t\t\t\t\t\t\t\t\t\t\t\t\t\t\t\t<img decoding=\"async\" class=\"promo-banner-image image-1 \" src=\"http:\/\/www.cartorama.com.ec\/de\/wp-content\/uploads\/2021\/04\/IMAGEN-PRODUCTO-800x534.png\" width=\"800\" height=\"534\" alt=\"IMAGEN-PRODUCTO\" title=\"IMAGEN-PRODUCTO\" loading=\"lazy\" \/>\t\t\t\t\t\t\t\t\t\t\t\t\t\t\t\t\t\t<\/div>\n\t\t\t\t<\/div>\n\n\t\t\t\t<div class=\"wrapper-content-baner\">\n\t\t\t\t\t<div class=\"banner-inner\">\n\t\t\t\t\t\t\t\t\t\t\t<\/div>\n\t\t\t\t<\/div>\n\n\t\t\t<\/div>\n\n\n\t\t\t\t\t<div class=\" basel-info-box2 text-center icon-alignment-left box-style-base color-scheme-dark z-index-h position-relative with-animation vc_custom_1626748811557\" onclick=\"\">\n\t\t\t\t\t\t\t\t<div class=\"info-box-content\">\n\t\t\t\t\t<div class=\"info-box-inner\">\n\t\t\t\t\t\t<\/p>\n<h3>Produkte<\/h3>\n<p><span style=\"font-size: 18px;\">Unsere Wellpappen schachteln garantieren eine optimale L\u00f6sung f\u00fcr den Vertrieb und die Vermarktung Ihrer Produkte.<\/span><\/p>\n\t\t\t\t\t<\/div>\n\t\t\t\t<\/div>\n\t\t\t<\/div>\n\t\t[\/vc_column][vc_column width=\u00bb1\/3&#8243; css=\u00bb.vc_custom_1438264239438{margin-bottom: 30px !important;}\u00bb offset=\u00bbvc_hidden-sm\u00bb]\n\t\t\t<div class=\"promo-banner cursor-pointer text-center vertical-alignment-middle banner-2 hover-3 color-scheme-light \" onclick=\"window.location.href='http:\/\/www.cartorama.com.ec\/de\/produkte\/#Maquinaria'\" >\n\n\t\t\t\t<div class=\"main-wrapp-img\">\n\t\t\t\t\t<div class=\"banner-image\">\n\t\t\t\t\t\t\t\t\t\t\t\t\t\t\t\t\t\t\t\t\t<img decoding=\"async\" class=\"promo-banner-image image-1 \" src=\"http:\/\/www.cartorama.com.ec\/de\/wp-content\/uploads\/2021\/04\/INFRAESTRUCTURA-800x534.png\" width=\"800\" height=\"534\" alt=\"INFRAESTRUCTURA\" title=\"INFRAESTRUCTURA\" loading=\"lazy\" \/>\t\t\t\t\t\t\t\t\t\t\t\t\t\t\t\t\t\t<\/div>\n\t\t\t\t<\/div>\n\n\t\t\t\t<div class=\"wrapper-content-baner\">\n\t\t\t\t\t<div class=\"banner-inner\">\n\t\t\t\t\t\t\t\t\t\t\t<\/div>\n\t\t\t\t<\/div>\n\n\t\t\t<\/div>\n\n\n\t\t\t\t\t<div class=\" basel-info-box2 text-center icon-alignment-left box-style-base color-scheme-dark z-index-h position-relative with-animation vc_custom_1626748836076\" onclick=\"\">\n\t\t\t\t\t\t\t\t<div class=\"info-box-content\">\n\t\t\t\t\t<div class=\"info-box-inner\">\n\t\t\t\t\t\t<\/p>\n<h3>Infrastruktur<\/h3>\n<p><span style=\"font-size: 18px;\">Unser Industriekomplex ist auf einer Fl\u00e4che von<br \/>\n52.000 mtr2 gebaut.<\/span><\/p>\n\t\t\t\t\t<\/div>\n\t\t\t\t<\/div>\n\t\t\t<\/div>\n\t\t[\/vc_column][\/vc_row][vc_row full_width=\u00bbstretch_row_content\u00bb css=\u00bb.vc_custom_1616117144880{margin-bottom: 25px !important;padding-top: 30px !important;}\u00bb][vc_column][vc_single_image image=\u00bb7639&#8243; img_size=\u00bb1900&#215;650&#8243; onclick=\u00bbcustom_link\u00bb img_link_target=\u00bb_blank\u00bb link=\u00bbhttp:\/\/www.cartorama.com.ec\/de\/wp-content\/uploads\/2021\/04\/CARTORAMA_ManualdeMarca_2021_low.pdf\u00bb][\/vc_column][\/vc_row][vc_row css=\u00bb.vc_custom_1486377937159{margin-bottom: 25px !important;padding-top: 30px !important;}\u00bb][vc_column][vc_column_text css=\u00bb.vc_custom_1626748961109{margin-bottom: 15px !important;}\u00bb]<\/p>\n<h4 style=\"font-size: 23px; text-align: center; color: #333333;\">Unternehmen, die Qualit\u00e4t und Vertrauen in unsere Wellpappen Verpackungen unterst\u00fctzen.<\/h4>\n<p>[\/vc_column_text][vc_separator color=\u00bbcustom\u00bb border_width=\u00bb2&#8243; el_width=\u00bb10&#8243; css=\u00bb.vc_custom_1486290346863{margin-bottom: 20px !important;}\u00bb accent_color=\u00bb#f8c619&#8243;][\/vc_column][\/vc_row][vc_row css=\u00bb.vc_custom_1616117907762{margin-bottom: 8vh !important;}\u00bb][vc_column][vc_images_carousel images=\u00bb7471,7472,7473,7479,7474,7475,7476,7480,7481,7482,7483,7484,7485,7477,7486,7487,7478,7488,7489,7490,7491,7492,7493,7494,7495,7496,7497,7498,7499,7500,7501,7502,7503,7504,7505,7506,7574,7575,7576,7579,7584,7585&#8243; img_size=\u00bb173&#215;116&#8243; onclick=\u00bblink_no\u00bb slides_per_view=\u00bb6&#8243; autoplay=\u00bbyes\u00bb wrap=\u00bbyes\u00bb][\/vc_column][\/vc_row]<\/p>\n<\/div>","protected":false},"excerpt":{"rendered":"<p>[vc_row css=\u00bb.vc_custom_1486131766451{margin-top: -55px !important;margin-bottom: 30px !important;}\u00bb][vc_column][vc_row_inner css=\u00bb.vc_custom_1467742830717{margin-bottom: 0px !important;}\u00bb][vc_column_inner css=\u00bb.vc_custom_1484912191147{margin-bottom: 15px !important;}\u00bb offset=\u00bbvc_hidden-lg vc_hidden-md\u00bb][\/vc_column_inner][\/vc_row_inner][\/vc_column][\/vc_row][vc_section full_width=\u00bbstretch_row\u00bb css=\u00bb.vc_custom_1615152993011{margin-top: -30px !important;padding-top: 6vh !important;padding-bottom:<\/p>\n","protected":false},"author":1,"featured_media":0,"parent":0,"menu_order":0,"comment_status":"closed","ping_status":"closed","template":"","meta":{"footnotes":""},"class_list":["post-759","page","type-page","status-publish","hentry"],"_links":{"self":[{"href":"http:\/\/www.cartorama.com.ec\/de\/wp-json\/wp\/v2\/pages\/759","targetHints":{"allow":["GET"]}}],"collection":[{"href":"http:\/\/www.cartorama.com.ec\/de\/wp-json\/wp\/v2\/pages"}],"about":[{"href":"http:\/\/www.cartorama.com.ec\/de\/wp-json\/wp\/v2\/types\/page"}],"author":[{"embeddable":true,"href":"http:\/\/www.cartorama.com.ec\/de\/wp-json\/wp\/v2\/users\/1"}],"replies":[{"embeddable":true,"href":"http:\/\/www.cartorama.com.ec\/de\/wp-json\/wp\/v2\/comments?post=759"}],"version-history":[{"count":202,"href":"http:\/\/www.cartorama.com.ec\/de\/wp-json\/wp\/v2\/pages\/759\/revisions"}],"predecessor-version":[{"id":7423,"href":"http:\/\/www.cartorama.com.ec\/de\/wp-json\/wp\/v2\/pages\/759\/revisions\/7423"}],"wp:attachment":[{"href":"http:\/\/www.cartorama.com.ec\/de\/wp-json\/wp\/v2\/media?parent=759"}],"curies":[{"name":"wp","href":"https:\/\/api.w.org\/{rel}","templated":true}]}}