{"id":6713,"date":"2021-02-28T16:04:08","date_gmt":"2021-02-28T21:04:08","guid":{"rendered":"http:\/\/www.cartorama.com.ec\/de\/?page_id=6713"},"modified":"2021-07-19T22:45:39","modified_gmt":"2021-07-20T03:45:39","slug":"produkte","status":"publish","type":"page","link":"http:\/\/www.cartorama.com.ec\/de\/produkte\/","title":{"rendered":"Produkte"},"content":{"rendered":"<div class=\"wpb-content-wrapper\"><p>[vc_row css=\u00bb.vc_custom_1614545715570{margin-top: -55px !important;margin-bottom: 30px !important;}\u00bb][vc_column][vc_row_inner][vc_column_inner][\/vc_column_inner][\/vc_row_inner]\n\t\t\t<!-- START Producto REVOLUTION SLIDER 6.7.18 --><p class=\"rs-p-wp-fix\"><\/p>\n\t\t\t<rs-module-wrap id=\"rev_slider_58_1_wrapper\" data-source=\"gallery\" style=\"visibility:hidden;background:#0a0a0a;padding:0;margin:0px auto;margin-top:0;margin-bottom:0;\">\n\t\t\t\t<rs-module id=\"rev_slider_58_1\" style=\"\" data-version=\"6.7.18\">\n\t\t\t\t\t<rs-slides style=\"overflow: hidden; position: absolute;\">\n\t\t\t\t\t\t<rs-slide style=\"position: absolute;\" data-key=\"rs-119\" data-title=\"Slide\" data-thumb=\"\/\/www.cartorama.com.ec\/de\/wp-content\/uploads\/2021\/07\/CARTONES-PARA-BANANO-100x50.png\" data-anim=\"adpr:false;\" data-in=\"o:0;\" data-out=\"a:false;\">\n\t\t\t\t\t\t\t<img decoding=\"async\" src=\"\/\/www.cartorama.com.ec\/de\/wp-content\/plugins\/revslider\/sr6\/assets\/assets\/dummy.png\" alt=\"\" title=\"CARTONES-PARA-BANANO\" width=\"1900\" height=\"1000\" class=\"rev-slidebg tp-rs-img rs-lazyload\" data-lazyload=\"\/\/www.cartorama.com.ec\/de\/wp-content\/uploads\/2021\/07\/CARTONES-PARA-BANANO.png\" data-bg=\"p:center top;f:contain;\" data-parallax=\"off\" data-no-retina>\n<!--\n\t\t\t\t\t\t\t--><rs-layer\n\t\t\t\t\t\t\t\tid=\"slider-58-slide-119-layer-7\" \n\t\t\t\t\t\t\t\tclass=\"tp-shape tp-shapewrapper\"\n\t\t\t\t\t\t\t\tdata-type=\"shape\"\n\t\t\t\t\t\t\t\tdata-rsp_ch=\"on\"\n\t\t\t\t\t\t\t\tdata-xy=\"x:-1246px;y:-107px;\"\n\t\t\t\t\t\t\t\tdata-text=\"fw:100;\"\n\t\t\t\t\t\t\t\tdata-dim=\"w:2000px;h:2000px;\"\n\t\t\t\t\t\t\t\tdata-frame_0=\"y:bottom;o:1;rZ:43;\"\n\t\t\t\t\t\t\t\tdata-frame_1=\"rZ:43;e:power2.inOut;st:600;sp:700;\"\n\t\t\t\t\t\t\t\tdata-frame_999=\"o:0;e:nothing;st:w;\"\n\t\t\t\t\t\t\t\tstyle=\"z-index:6;background-color:rgba(0,70,6,0.09);\"\n\t\t\t\t\t\t\t> \n\t\t\t\t\t\t\t<\/rs-layer><!--\n\n\t\t\t\t\t\t\t--><rs-layer\n\t\t\t\t\t\t\t\tid=\"slider-58-slide-119-layer-8\" \n\t\t\t\t\t\t\t\tclass=\"tp-shape tp-shapewrapper\"\n\t\t\t\t\t\t\t\tdata-type=\"shape\"\n\t\t\t\t\t\t\t\tdata-rsp_ch=\"on\"\n\t\t\t\t\t\t\t\tdata-xy=\"x:-1102px;y:-975px;\"\n\t\t\t\t\t\t\t\tdata-text=\"fw:100;\"\n\t\t\t\t\t\t\t\tdata-dim=\"w:2000px;h:2000px;\"\n\t\t\t\t\t\t\t\tdata-frame_0=\"y:top;o:1;rZ:43;\"\n\t\t\t\t\t\t\t\tdata-frame_1=\"rZ:43;e:power2.inOut;st:400;sp:600;\"\n\t\t\t\t\t\t\t\tdata-frame_999=\"o:0;e:nothing;st:w;\"\n\t\t\t\t\t\t\t\tstyle=\"z-index:5;background-color:rgba(0,70,6,0.07);\"\n\t\t\t\t\t\t\t> \n\t\t\t\t\t\t\t<\/rs-layer><!--\n-->\t\t\t\t\t<\/rs-slide>\n\t\t\t\t\t\t<rs-slide style=\"position: absolute;\" data-key=\"rs-128\" data-title=\"Slide\" data-thumb=\"\/\/www.cartorama.com.ec\/de\/wp-content\/uploads\/2021\/07\/FLORES-100x50.png\" data-anim=\"adpr:false;\" data-in=\"o:0;\" data-out=\"a:false;\">\n\t\t\t\t\t\t\t<img decoding=\"async\" src=\"\/\/www.cartorama.com.ec\/de\/wp-content\/plugins\/revslider\/sr6\/assets\/assets\/dummy.png\" alt=\"\" title=\"FLORES\" width=\"1900\" height=\"1000\" class=\"rev-slidebg tp-rs-img rs-lazyload\" data-lazyload=\"\/\/www.cartorama.com.ec\/de\/wp-content\/uploads\/2021\/07\/FLORES.png\" data-bg=\"p:center top;f:contain;\" data-parallax=\"off\" data-no-retina>\n<!--\n\t\t\t\t\t\t\t--><rs-layer\n\t\t\t\t\t\t\t\tid=\"slider-58-slide-128-layer-7\" \n\t\t\t\t\t\t\t\tclass=\"tp-shape tp-shapewrapper\"\n\t\t\t\t\t\t\t\tdata-type=\"shape\"\n\t\t\t\t\t\t\t\tdata-rsp_ch=\"on\"\n\t\t\t\t\t\t\t\tdata-xy=\"x:-1246px;y:-107px;\"\n\t\t\t\t\t\t\t\tdata-text=\"fw:100;\"\n\t\t\t\t\t\t\t\tdata-dim=\"w:2000px;h:2000px;\"\n\t\t\t\t\t\t\t\tdata-frame_0=\"y:bottom;o:1;rZ:43;\"\n\t\t\t\t\t\t\t\tdata-frame_1=\"rZ:43;e:power2.inOut;st:600;sp:700;\"\n\t\t\t\t\t\t\t\tdata-frame_999=\"o:0;e:nothing;st:w;\"\n\t\t\t\t\t\t\t\tstyle=\"z-index:6;background-color:rgba(0,70,6,0.09);\"\n\t\t\t\t\t\t\t> \n\t\t\t\t\t\t\t<\/rs-layer><!--\n\n\t\t\t\t\t\t\t--><rs-layer\n\t\t\t\t\t\t\t\tid=\"slider-58-slide-128-layer-8\" \n\t\t\t\t\t\t\t\tclass=\"tp-shape tp-shapewrapper\"\n\t\t\t\t\t\t\t\tdata-type=\"shape\"\n\t\t\t\t\t\t\t\tdata-rsp_ch=\"on\"\n\t\t\t\t\t\t\t\tdata-xy=\"x:-1102px;y:-975px;\"\n\t\t\t\t\t\t\t\tdata-text=\"fw:100;\"\n\t\t\t\t\t\t\t\tdata-dim=\"w:2000px;h:2000px;\"\n\t\t\t\t\t\t\t\tdata-frame_0=\"y:top;o:1;rZ:43;\"\n\t\t\t\t\t\t\t\tdata-frame_1=\"rZ:43;e:power2.inOut;st:400;sp:600;\"\n\t\t\t\t\t\t\t\tdata-frame_999=\"o:0;e:nothing;st:w;\"\n\t\t\t\t\t\t\t\tstyle=\"z-index:5;background-color:rgba(0,70,6,0.07);\"\n\t\t\t\t\t\t\t> \n\t\t\t\t\t\t\t<\/rs-layer><!--\n-->\t\t\t\t\t<\/rs-slide>\n\t\t\t\t\t\t<rs-slide style=\"position: absolute;\" data-key=\"rs-129\" data-title=\"Slide\" data-thumb=\"\/\/www.cartorama.com.ec\/de\/wp-content\/uploads\/2021\/07\/ECUADOR-EMPRENDEDOR-100x50.png\" data-anim=\"adpr:false;\" data-in=\"o:0;\" data-out=\"a:false;\">\n\t\t\t\t\t\t\t<img decoding=\"async\" src=\"\/\/www.cartorama.com.ec\/de\/wp-content\/plugins\/revslider\/sr6\/assets\/assets\/dummy.png\" alt=\"\" title=\"ECUADOR-EMPRENDEDOR\" width=\"1900\" height=\"1000\" class=\"rev-slidebg tp-rs-img rs-lazyload\" data-lazyload=\"\/\/www.cartorama.com.ec\/de\/wp-content\/uploads\/2021\/07\/ECUADOR-EMPRENDEDOR.png\" data-bg=\"p:center top;f:contain;\" data-parallax=\"off\" data-no-retina>\n<!--\n\t\t\t\t\t\t\t--><rs-layer\n\t\t\t\t\t\t\t\tid=\"slider-58-slide-129-layer-7\" \n\t\t\t\t\t\t\t\tclass=\"tp-shape tp-shapewrapper\"\n\t\t\t\t\t\t\t\tdata-type=\"shape\"\n\t\t\t\t\t\t\t\tdata-rsp_ch=\"on\"\n\t\t\t\t\t\t\t\tdata-xy=\"x:-1246px;y:-107px;\"\n\t\t\t\t\t\t\t\tdata-text=\"fw:100;\"\n\t\t\t\t\t\t\t\tdata-dim=\"w:2000px;h:2000px;\"\n\t\t\t\t\t\t\t\tdata-frame_0=\"y:bottom;o:1;rZ:43;\"\n\t\t\t\t\t\t\t\tdata-frame_1=\"rZ:43;e:power2.inOut;st:600;sp:700;\"\n\t\t\t\t\t\t\t\tdata-frame_999=\"o:0;e:nothing;st:w;\"\n\t\t\t\t\t\t\t\tstyle=\"z-index:6;background-color:rgba(0,70,6,0.09);\"\n\t\t\t\t\t\t\t> \n\t\t\t\t\t\t\t<\/rs-layer><!--\n\n\t\t\t\t\t\t\t--><rs-layer\n\t\t\t\t\t\t\t\tid=\"slider-58-slide-129-layer-8\" \n\t\t\t\t\t\t\t\tclass=\"tp-shape tp-shapewrapper\"\n\t\t\t\t\t\t\t\tdata-type=\"shape\"\n\t\t\t\t\t\t\t\tdata-rsp_ch=\"on\"\n\t\t\t\t\t\t\t\tdata-xy=\"x:-1102px;y:-975px;\"\n\t\t\t\t\t\t\t\tdata-text=\"fw:100;\"\n\t\t\t\t\t\t\t\tdata-dim=\"w:2000px;h:2000px;\"\n\t\t\t\t\t\t\t\tdata-frame_0=\"y:top;o:1;rZ:43;\"\n\t\t\t\t\t\t\t\tdata-frame_1=\"rZ:43;e:power2.inOut;st:400;sp:600;\"\n\t\t\t\t\t\t\t\tdata-frame_999=\"o:0;e:nothing;st:w;\"\n\t\t\t\t\t\t\t\tstyle=\"z-index:5;background-color:rgba(0,70,6,0.07);\"\n\t\t\t\t\t\t\t> \n\t\t\t\t\t\t\t<\/rs-layer><!--\n-->\t\t\t\t\t<\/rs-slide>\n\t\t\t\t\t<\/rs-slides>\n\t\t\t\t<\/rs-module>\n\t\t\t\t<script>\n\t\t\t\t\tsetREVStartSize({c: 'rev_slider_58_1',rl:[1240,1024,768,480],el:[668],gw:[1240],gh:[668],type:'standard',justify:'',layout:'fullwidth',mh:\"0\"});if (window.RS_MODULES!==undefined && window.RS_MODULES.modules!==undefined && window.RS_MODULES.modules[\"revslider581\"]!==undefined) {window.RS_MODULES.modules[\"revslider581\"].once = false;window.revapi58 = undefined;if (window.RS_MODULES.checkMinimal!==undefined) window.RS_MODULES.checkMinimal()}\n\t\t\t\t<\/script>\n\t\t\t<\/rs-module-wrap>\n\t\t\t<!-- END REVOLUTION SLIDER -->\n[\/vc_column][\/vc_row][vc_row full_width=\u00bbstretch_row\u00bb css=\u00bb.vc_custom_1615256358492{margin-top: -30px !important;margin-bottom: 0px !important;padding-top: 8vh !important;padding-bottom: 4vh !important;background-color: #f9f9f9 !important;}\u00bb][vc_column width=\u00bb1\/4&#8243;][vc_single_image image=\u00bb7534&#8243; img_size=\u00bb100&#215;100&#8243; alignment=\u00bbcenter\u00bb css_animation=\u00bbbounceInDown\u00bb][vc_column_text]<\/p>\n<h1 style=\"font-size: 18px; text-align: center; color: #5c8e07;\"><strong>Unsere Technologie<\/strong><\/h1>\n<p style=\"text-align: center;\">Es erm\u00f6glicht uns, Ihnen jede Art von Design eng Wellpappen Verpackungen anzubieten, wie z. B. normale Schachteln, Teleskope, Tabletts, selbst montierende Verpackungen, die sowohl f\u00fcr unseren lokalen Markt als auch f\u00fcr den Export geeignet sind.<\/p>\n<p>[\/vc_column_text][\/vc_column][vc_column width=\u00bb1\/4&#8243;][vc_single_image image=\u00bb7535&#8243; img_size=\u00bb100&#215;100&#8243; alignment=\u00bbcenter\u00bb css_animation=\u00bbbounceInDown\u00bb][vc_column_text]<\/p>\n<h1 style=\"font-size: 18px; text-align: center; color: #5c8e07;\"><strong>Exportqualit\u00e4t<\/strong><\/h1>\n<p style=\"text-align: center;\">Um die Frische zu erhalten und die Sicherheit Ihres Produkts zu gew\u00e4hrleisten, bieten wir Ihnen eine optimale L\u00f6sung f\u00fcr Marketing und Vertrieb, mit der Sie beruhigt exportieren k\u00f6nnen und Ihre Produkte in einwandfreiem Zustand ankommen.<\/p>\n<p>[\/vc_column_text][\/vc_column][vc_column width=\u00bb1\/4&#8243;][vc_single_image image=\u00bb7536&#8243; img_size=\u00bb100&#215;100&#8243; alignment=\u00bbcenter\u00bb css_animation=\u00bbbounceInDown\u00bb][vc_column_text]<\/p>\n<h1 style=\"font-size: 18px; text-align: center; color: #5c8e07;\"><strong>Produktionskapazit\u00e4t<\/strong><\/h1>\n<p style=\"text-align: center;\">Wir besch\u00e4ftigen uns mit der Herstellung von Verpackungen mit automatisierten Hochgeschwindigkeitslinien, um den lokalen und internationalen Markt zu beliefern.<\/p>\n<p>[\/vc_column_text][\/vc_column][vc_column width=\u00bb1\/4&#8243;][vc_single_image image=\u00bb7537&#8243; img_size=\u00bb100&#215;100&#8243; alignment=\u00bbcenter\u00bb css_animation=\u00bbbounceInDown\u00bb][vc_column_text]<\/p>\n<h1 style=\"font-size: 18px; text-align: center; color: #5c8e07;\"><strong>Zertifizierungen<\/strong><\/h1>\n<p style=\"text-align: center;\">Wir fertigen nach Qualit\u00e4ts-, Umwelt- und icherheitsstandards sowie nach guten Herstellungspraktiken (BPM). Wir bem\u00fchen uns um die Zertifizierung nach BASC, HACCP und ISO 22000 (Lebensmittelsicherheit).\/p&gt;[\/vc_column_text][\/vc_column][\/vc_row][vc_row css=\u00bb.vc_custom_1616125576201{margin-top: 50px !important;margin-bottom: 65px !important;}\u00bb el_id=\u00bbTecnolog\u00edadepunta\u00bb][vc_column width=\u00bb1\/2&#8243; css=\u00bb.vc_custom_1451389567526{padding-right: 40px !important;}\u00bb][vc_column_text css=\u00bb.vc_custom_1626752646789{margin-bottom: 30px !important;}\u00bb]<\/p>\n<h1 style=\"margin-bottom: 15px; color: #000000;\"><strong> Stand der Technik<\/strong><\/h1>\n<p><span style=\"font-size: 18px;\">Unsere Druckmaschinen sind in der Lage, Bestellungen in verschiedenen Gr\u00f6\u00dfen und Farben in der GCMI-Farbversion (Glass Container Manufacturers Institute) zu verarbeiten, die jetzt als Glas Packaging Institute (Glass Container Institute) bekannt ist.<\/span><\/p>\n<p><span style=\"font-size: 18px;\">Diese Technologie erm\u00f6glicht es uns, jede Art von Design eng Wellpappen Verpackungen anzubieten, wie z. B. normale Schachteln, Teleskope, Tabletts, selbstorganisierende Schachteln und Schachteln f\u00fcr Bananen.<\/span>[\/vc_column_text][\/vc_column][vc_column width=\u00bb1\/2&#8243;][vc_single_image image=\u00bb7538&#8243; img_size=\u00bbfull\u00bb alignment=\u00bbright\u00bb css_animation=\u00bbright-to-left\u00bb][\/vc_column][\/vc_row][vc_row][vc_column][vc_column_text css=\u00bb.vc_custom_1626752661399{margin-bottom: 30px !important;}\u00bb]<\/p>\n<h4 style=\"font-size: 23px; text-align: center; color: #333333;\">\u00a1 Ihre Produkte in guten H\u00e4nden!<\/h4>\n<p>[\/vc_column_text][vc_separator color=\u00bbcustom\u00bb border_width=\u00bb2&#8243; el_width=\u00bb10&#8243; accent_color=\u00bb#f8c619&#8243;][\/vc_column][\/vc_row][vc_row content_placement=\u00bbmiddle\u00bb][vc_column el_class=\u00bbtext-right\u00bb offset=\u00bbvc_hidden-sm vc_hidden-xs\u00bb][vc_single_image image=\u00bb7657&#8243; img_size=\u00bbfull\u00bb][\/vc_column][\/vc_row][vc_row css=\u00bb.vc_custom_1616125288002{margin-bottom: 45px !important;padding-top: 50px !important;padding-bottom: 70px !important;background-color: #f9f9f9 !important;}\u00bb][vc_column basel_color_scheme=\u00bblight\u00bb css=\u00bb.vc_custom_1615156418312{margin-top: -50px !important;}\u00bb][vc_row_inner css=\u00bb.vc_custom_1450023659115{margin-bottom: 60px !important;}\u00bb][vc_column_inner][vc_column_text css=\u00bb.vc_custom_1626752729076{margin-bottom: 30px !important;}\u00bb]<\/p>\n<h4 style=\"font-size: 23px; text-align: center; color: #333333;\"><strong>Wir entwickeln Produkte<\/strong> nach den Notf\u00e4llen unserer Kunden.<\/h4>\n<p>[\/vc_column_text][vc_separator color=\u00bbcustom\u00bb border_width=\u00bb2&#8243; el_width=\u00bb10&#8243; accent_color=\u00bb#f8c619&#8243;][\/vc_column_inner][\/vc_row_inner][\/vc_column][vc_column]<div class=\"basel-products-element\"><div class=\"basel-products-loader\"><\/div><div class=\"products elements-grid row basel-products-holder  pagination-arrows grid-columns-4\" data-paged=\"1\" data-source=\"shortcode\" data-atts=\"{&quot;post_type&quot;:&quot;product&quot;,&quot;layout&quot;:&quot;grid&quot;,&quot;include&quot;:&quot;&quot;,&quot;custom_query&quot;:&quot;&quot;,&quot;taxonomies&quot;:&quot;&quot;,&quot;pagination&quot;:&quot;arrows&quot;,&quot;items_per_page&quot;:&quot;4&quot;,&quot;product_hover&quot;:&quot;alt&quot;,&quot;columns&quot;:&quot;4&quot;,&quot;sale_countdown&quot;:0,&quot;offset&quot;:&quot;&quot;,&quot;orderby&quot;:&quot;date&quot;,&quot;query_type&quot;:&quot;OR&quot;,&quot;order&quot;:&quot;ASC&quot;,&quot;meta_key&quot;:&quot;&quot;,&quot;exclude&quot;:&quot;&quot;,&quot;class&quot;:&quot;&quot;,&quot;ajax_page&quot;:&quot;&quot;,&quot;speed&quot;:&quot;5000&quot;,&quot;slides_per_view&quot;:&quot;1&quot;,&quot;wrap&quot;:&quot;&quot;,&quot;autoplay&quot;:&quot;no&quot;,&quot;hide_pagination_control&quot;:&quot;&quot;,&quot;hide_prev_next_buttons&quot;:&quot;&quot;,&quot;scroll_per_page&quot;:&quot;yes&quot;,&quot;carousel_js_inline&quot;:&quot;no&quot;,&quot;img_size&quot;:&quot;woocommerce_thumbnail&quot;,&quot;force_not_ajax&quot;:&quot;no&quot;,&quot;center_mode&quot;:&quot;no&quot;,&quot;products_masonry&quot;:&quot;&quot;,&quot;products_different_sizes&quot;:&quot;&quot;}\">\t<div class=\"product-grid-item basel-hover-alt product  col-md-3 col-sm-4 col-xs-6 first  type-product post-4027 status-publish first instock product_cat-produkte has-post-thumbnail sold-individually shipping-taxable product-type-simple\" data-loop=\"1\" data-id=\"4027\">\n\n\t\t<div class=\"product-element-top\">\n\t<a href=\"http:\/\/www.cartorama.com.ec\/de\/productos\/schachteln-fur-bananen-und-andere-bio-produkte\/\">\n\t\t<img loading=\"lazy\" decoding=\"async\" width=\"600\" height=\"600\" src=\"http:\/\/www.cartorama.com.ec\/de\/wp-content\/uploads\/2019\/08\/CAJAS-BANANAS-FINAL-600x600.png\" class=\"attachment-woocommerce_thumbnail size-woocommerce_thumbnail\" alt=\"\" srcset=\"http:\/\/www.cartorama.com.ec\/de\/wp-content\/uploads\/2019\/08\/CAJAS-BANANAS-FINAL.png 600w, http:\/\/www.cartorama.com.ec\/de\/wp-content\/uploads\/2019\/08\/CAJAS-BANANAS-FINAL-300x300.png 300w, http:\/\/www.cartorama.com.ec\/de\/wp-content\/uploads\/2019\/08\/CAJAS-BANANAS-FINAL-150x150.png 150w, http:\/\/www.cartorama.com.ec\/de\/wp-content\/uploads\/2019\/08\/CAJAS-BANANAS-FINAL-100x100.png 100w\" sizes=\"auto, (max-width: 600px) 100vw, 600px\" \/>\t<\/a>\n\t\t<div class=\"basel-buttons\">\n\t\t\t\t\t\t\t<\/div>\n<\/div>\n<h3 class=\"product-title\"><a href=\"http:\/\/www.cartorama.com.ec\/de\/productos\/schachteln-fur-bananen-und-andere-bio-produkte\/\">Schachteln f\u00fcr Bananen und andere Bio-Produkte<\/a><\/h3>\n\n<div class=\"wrap-price\">\n\t<div class=\"wrapp-swap\">\n\t\t<div class=\"swap-elements\">\n\t\t\t\n\t\t\t<div class=\"btn-add\">\n\t\t\t\t\t\t\t<\/div>\n\t\t<\/div>\n\t<\/div>\n\t<\/div>\n\n\n\n\t<\/div>\n\t<div class=\"product-grid-item basel-hover-alt product  col-md-3 col-sm-4 col-xs-6 type-product post-4032 status-publish instock product_cat-produkte has-post-thumbnail sold-individually shipping-taxable product-type-simple\" data-loop=\"2\" data-id=\"4032\">\n\n\t\t<div class=\"product-element-top\">\n\t<a href=\"http:\/\/www.cartorama.com.ec\/de\/productos\/selbst-montierende-boxen\/\">\n\t\t<img loading=\"lazy\" decoding=\"async\" width=\"600\" height=\"600\" src=\"http:\/\/www.cartorama.com.ec\/de\/wp-content\/uploads\/2019\/08\/CAJAS-AUTOARMABLE-FINAL-600x600.png\" class=\"attachment-woocommerce_thumbnail size-woocommerce_thumbnail\" alt=\"\" srcset=\"http:\/\/www.cartorama.com.ec\/de\/wp-content\/uploads\/2019\/08\/CAJAS-AUTOARMABLE-FINAL.png 600w, http:\/\/www.cartorama.com.ec\/de\/wp-content\/uploads\/2019\/08\/CAJAS-AUTOARMABLE-FINAL-300x300.png 300w, http:\/\/www.cartorama.com.ec\/de\/wp-content\/uploads\/2019\/08\/CAJAS-AUTOARMABLE-FINAL-150x150.png 150w, http:\/\/www.cartorama.com.ec\/de\/wp-content\/uploads\/2019\/08\/CAJAS-AUTOARMABLE-FINAL-100x100.png 100w\" sizes=\"auto, (max-width: 600px) 100vw, 600px\" \/>\t<\/a>\n\t\t<div class=\"basel-buttons\">\n\t\t\t\t\t\t\t<\/div>\n<\/div>\n<h3 class=\"product-title\"><a href=\"http:\/\/www.cartorama.com.ec\/de\/productos\/selbst-montierende-boxen\/\">Selbst montierende Boxen<\/a><\/h3>\n\n<div class=\"wrap-price\">\n\t<div class=\"wrapp-swap\">\n\t\t<div class=\"swap-elements\">\n\t\t\t\n\t\t\t<div class=\"btn-add\">\n\t\t\t\t\t\t\t<\/div>\n\t\t<\/div>\n\t<\/div>\n\t<\/div>\n\n\n\n\t<\/div>\n<div class=\"clearfix visible-xs-block\"><\/div>\t<div class=\"product-grid-item basel-hover-alt product  col-md-3 col-sm-4 col-xs-6 type-product post-4033 status-publish instock product_cat-produkte has-post-thumbnail sold-individually shipping-taxable product-type-simple\" data-loop=\"3\" data-id=\"4033\">\n\n\t\t<div class=\"product-element-top\">\n\t<a href=\"http:\/\/www.cartorama.com.ec\/de\/productos\/schranke\/\">\n\t\t<img loading=\"lazy\" decoding=\"async\" width=\"600\" height=\"600\" src=\"http:\/\/www.cartorama.com.ec\/de\/wp-content\/uploads\/2019\/08\/CAJAS_ARCHIVADORES-600x600.png\" class=\"attachment-woocommerce_thumbnail size-woocommerce_thumbnail\" alt=\"\" srcset=\"http:\/\/www.cartorama.com.ec\/de\/wp-content\/uploads\/2019\/08\/CAJAS_ARCHIVADORES.png 600w, http:\/\/www.cartorama.com.ec\/de\/wp-content\/uploads\/2019\/08\/CAJAS_ARCHIVADORES-300x300.png 300w, http:\/\/www.cartorama.com.ec\/de\/wp-content\/uploads\/2019\/08\/CAJAS_ARCHIVADORES-150x150.png 150w, http:\/\/www.cartorama.com.ec\/de\/wp-content\/uploads\/2019\/08\/CAJAS_ARCHIVADORES-100x100.png 100w\" sizes=\"auto, (max-width: 600px) 100vw, 600px\" \/>\t<\/a>\n\t\t<div class=\"basel-buttons\">\n\t\t\t\t\t\t\t<\/div>\n<\/div>\n<h3 class=\"product-title\"><a href=\"http:\/\/www.cartorama.com.ec\/de\/productos\/schranke\/\">Schr\u00e4nke<\/a><\/h3>\n\n<div class=\"wrap-price\">\n\t<div class=\"wrapp-swap\">\n\t\t<div class=\"swap-elements\">\n\t\t\t\n\t\t\t<div class=\"btn-add\">\n\t\t\t\t\t\t\t<\/div>\n\t\t<\/div>\n\t<\/div>\n\t<\/div>\n\n\n\n\t<\/div>\n<div class=\"clearfix visible-sm-block\"><\/div>\t<div class=\"product-grid-item basel-hover-alt product  col-md-3 col-sm-4 col-xs-6 last  type-product post-4035 status-publish last instock product_cat-produkte has-post-thumbnail sold-individually shipping-taxable product-type-simple\" data-loop=\"4\" data-id=\"4035\">\n\n\t\t<div class=\"product-element-top\">\n\t<a href=\"http:\/\/www.cartorama.com.ec\/de\/productos\/normale-boxen-fur-halbtragende-produkte\/\">\n\t\t<img loading=\"lazy\" decoding=\"async\" width=\"600\" height=\"600\" src=\"http:\/\/www.cartorama.com.ec\/de\/wp-content\/uploads\/2019\/08\/CAJAS-REGULAR-FINAL-600x600.png\" class=\"attachment-woocommerce_thumbnail size-woocommerce_thumbnail\" alt=\"\" srcset=\"http:\/\/www.cartorama.com.ec\/de\/wp-content\/uploads\/2019\/08\/CAJAS-REGULAR-FINAL.png 600w, http:\/\/www.cartorama.com.ec\/de\/wp-content\/uploads\/2019\/08\/CAJAS-REGULAR-FINAL-300x300.png 300w, http:\/\/www.cartorama.com.ec\/de\/wp-content\/uploads\/2019\/08\/CAJAS-REGULAR-FINAL-150x150.png 150w, http:\/\/www.cartorama.com.ec\/de\/wp-content\/uploads\/2019\/08\/CAJAS-REGULAR-FINAL-100x100.png 100w\" sizes=\"auto, (max-width: 600px) 100vw, 600px\" \/>\t<\/a>\n\t\t<div class=\"basel-buttons\">\n\t\t\t\t\t\t\t<\/div>\n<\/div>\n<h3 class=\"product-title\"><a href=\"http:\/\/www.cartorama.com.ec\/de\/productos\/normale-boxen-fur-halbtragende-produkte\/\">Normale Boxen f\u00fcr Halbtragende Produkte<\/a><\/h3>\n\n<div class=\"wrap-price\">\n\t<div class=\"wrapp-swap\">\n\t\t<div class=\"swap-elements\">\n\t\t\t\n\t\t\t<div class=\"btn-add\">\n\t\t\t\t\t\t\t<\/div>\n\t\t<\/div>\n\t<\/div>\n\t<\/div>\n\n\n\n\t<\/div>\n<div class=\"clearfix visible-xs-block\"><\/div><div class=\"clearfix visible-md-block visible-lg-block\"><\/div><\/div>\t\t    \t<div class=\"products-footer\">\n\t\t    \t\t\t\t    \t\t\t<a href=\"#\" class=\"btn basel-products-load-prev disabled\">Load previous products<\/a>\n\t\t    \t\t\t<a href=\"#\" class=\"btn basel-products-load-next\">Load next products<\/a>\n\t\t\t\t    \t\t    \t<\/div>\n\t\t    <\/div>[\/vc_column][\/vc_row]<\/p>\n<\/div>","protected":false},"excerpt":{"rendered":"<p>[vc_row css=\u00bb.vc_custom_1614545715570{margin-top: -55px !important;margin-bottom: 30px !important;}\u00bb][vc_column][vc_row_inner][vc_column_inner][\/vc_column_inner][\/vc_row_inner][\/vc_column][\/vc_row][vc_row full_width=\u00bbstretch_row\u00bb css=\u00bb.vc_custom_1615256358492{margin-top: -30px !important;margin-bottom: 0px !important;padding-top: 8vh !important;padding-bottom: 4vh !important;background-color: #f9f9f9 !important;}\u00bb][vc_column width=\u00bb1\/4&#8243;][vc_single_image image=\u00bb7534&#8243;<\/p>\n","protected":false},"author":1,"featured_media":0,"parent":0,"menu_order":0,"comment_status":"closed","ping_status":"closed","template":"","meta":{"footnotes":""},"class_list":["post-6713","page","type-page","status-publish","hentry"],"_links":{"self":[{"href":"http:\/\/www.cartorama.com.ec\/de\/wp-json\/wp\/v2\/pages\/6713","targetHints":{"allow":["GET"]}}],"collection":[{"href":"http:\/\/www.cartorama.com.ec\/de\/wp-json\/wp\/v2\/pages"}],"about":[{"href":"http:\/\/www.cartorama.com.ec\/de\/wp-json\/wp\/v2\/types\/page"}],"author":[{"embeddable":true,"href":"http:\/\/www.cartorama.com.ec\/de\/wp-json\/wp\/v2\/users\/1"}],"replies":[{"embeddable":true,"href":"http:\/\/www.cartorama.com.ec\/de\/wp-json\/wp\/v2\/comments?post=6713"}],"version-history":[{"count":91,"href":"http:\/\/www.cartorama.com.ec\/de\/wp-json\/wp\/v2\/pages\/6713\/revisions"}],"predecessor-version":[{"id":7658,"href":"http:\/\/www.cartorama.com.ec\/de\/wp-json\/wp\/v2\/pages\/6713\/revisions\/7658"}],"wp:attachment":[{"href":"http:\/\/www.cartorama.com.ec\/de\/wp-json\/wp\/v2\/media?parent=6713"}],"curies":[{"name":"wp","href":"https:\/\/api.w.org\/{rel}","templated":true}]}}